{"id":11161,"date":"2019-09-30T16:09:46","date_gmt":"2019-09-30T16:09:46","guid":{"rendered":"http:\/\/laboratorioscuen.mx\/web\/?page_id=11161"},"modified":"2019-09-30T16:09:46","modified_gmt":"2019-09-30T16:09:46","slug":"en-camino-a-ser-mama","status":"publish","type":"page","link":"http:\/\/laboratorioscuen.mx\/web1\/en-camino-a-ser-mama\/","title":{"rendered":"En camino a ser mam\u00e1"},"content":{"rendered":"<div class=\"wpb-content-wrapper\"><section class=\"l-section wpb_row height_medium color_custom\" style=\"background: #f5f5f5;\"><div class=\"l-section-h i-cf\" style=\"padding-top: 35px !important;padding-bottom: 15px !important;\"><div class=\"g-cols vc_row type_default valign_top\"><div class=\"vc_col-sm-12 wpb_column vc_column_container etiquetadesc\"><div class=\"vc_column-inner\"><div class=\"wpb_wrapper\"><div class=\"w-iconbox iconpos_left style_default color_primary align_left no_text icontype_img\"><div class=\"w-iconbox-icon\" style=\"font-size:58px;\"><img loading=\"lazy\" decoding=\"async\" width=\"70\" height=\"90\" src=\"http:\/\/laboratorioscuen.mx\/web1\/wp-content\/uploads\/2019\/09\/Icono-Mama.png\" class=\"attachment-full size-full\" alt=\"\" \/><\/div><div class=\"w-iconbox-meta\"><h2 class=\"w-iconbox-title\">EN CAMINO A SER MAM\u00c1<\/h2><\/div><\/div><div class=\"g-cols wpb_row  type_default valign_top vc_inner  vc_custom_1568910650539\" id=\"paqueteinicial\"><div class=\"vc_col-sm-4 wpb_column vc_column_container preciopromocion\"><div class=\"vc_column-inner\"><div class=\"wpb_wrapper\">\n\t<div class=\"wpb_text_column \">\n\t\t<div class=\"wpb_wrapper\">\n\t\t\t<h3><span style=\"color: #006eae;\">Incluye:<\/span><\/h3>\n\n\t\t<\/div>\n\t<\/div>\n<div class=\"w-separator size_custom with_line width_30 thick_1 style_solid color_custom align_center\" style=\"height:30px;border-color:#dddddd;color:#dddddd;\"><div class=\"w-separator-h\"><\/div><\/div>\n\t<div class=\"wpb_text_column \">\n\t\t<div class=\"wpb_wrapper\">\n\t\t\t<ul>\n<li>Biometr\u00eda Hematica<\/li>\n<li>Plaquetas<\/li>\n<li>Grupo Sanguineo Y RH<\/li>\n<\/ul>\n\n\t\t<\/div>\n\t<\/div>\n<\/div><\/div><\/div><div class=\"vc_col-sm-4 wpb_column vc_column_container\"><div class=\"vc_column-inner\"><div class=\"wpb_wrapper\"><div class=\"w-separator us_separator_1 size_custom\" style=\"height:65px;\"><style>@media(max-width:800px){.us_separator_1{height:0px!important}}<\/style><\/div>\n\t<div class=\"wpb_text_column \">\n\t\t<div class=\"wpb_wrapper\">\n\t\t\t<ul>\n<li>Examen General De Orina<\/li>\n<li>Glucosa<\/li>\n<li>VIH<\/li>\n<li>VDRL<\/li>\n<\/ul>\n\n\t\t<\/div>\n\t<\/div>\n<\/div><\/div><\/div><div class=\"vc_col-sm-4 wpb_column vc_column_container\"><div class=\"vc_column-inner\"><div class=\"wpb_wrapper\"><div class=\"w-btn-wrapper width_auto align_center\"><a class=\"w-btn us-btn-style_1\" href=\"http:\/\/laboratorioscuen.mx\/web\/contacto\/\" title=\"Contacto\" id=\"botonescritorio\"><span class=\"w-btn-label\">CONT\u00c1CTANOS<\/span><\/a><\/div><div class=\"w-separator us_separator_2 size_custom\" style=\"height:15px;\"><style>@media(max-width:800px){.us_separator_2{height:0px!important}}<\/style><\/div><div class=\"w-btn-wrapper width_auto align_center vc_custom_1569536669128\"><a class=\"w-btn us-btn-style_1\" href=\"http:\/\/laboratorioscuen.mx\/web\/contacto\/\" title=\"Contacto\" id=\"botonmovil\"><span class=\"w-btn-label\">CONT\u00c1CTANOS<\/span><\/a><\/div><\/div><\/div><\/div><\/div><\/div><\/div><\/div><\/div><\/div><\/section><section class=\"l-section wpb_row height_medium color_custom\" style=\"background: #f5f5f5;\"><div class=\"l-section-h i-cf\" style=\"padding-top: 10px !important;\"><div class=\"g-cols vc_row type_default valign_top\"><div class=\"vc_col-sm-12 wpb_column vc_column_container\"><div class=\"vc_column-inner\"><div class=\"wpb_wrapper\">\n\t<div class=\"wpb_text_column \">\n\t\t<div class=\"wpb_wrapper\">\n\t\t\t<h3><span style=\"color: #006eae;\">Indicaciones<\/span><\/h3>\n<p>Le solicitamos tener un ayuno de 4 horas antes de que se le tomen sus muestras de sangre.<br \/>\nDurante ese tiempo no debe ingerir alimentos ni bebidas. La ingesta de agua simple est\u00e1 permitida.<\/p>\n\n\t\t<\/div>\n\t<\/div>\n<\/div><\/div><\/div><\/div><\/div><\/section>\n<\/div>","protected":false},"excerpt":{"rendered":"EN CAMINO A SER MAM\u00c1 Incluye: Biometr\u00eda Hematica Plaquetas Grupo Sanguineo Y RH Examen General De Orina Glucosa VIH VDRL CONT\u00c1CTANOSCONT\u00c1CTANOS Indicaciones Le solicitamos tener un ayuno de 4 horas antes de que se le tomen sus muestras de sangre. Durante ese tiempo no debe ingerir alimentos ni bebidas. La ingesta de agua simple est\u00e1...","protected":false},"author":1,"featured_media":0,"parent":0,"menu_order":0,"comment_status":"closed","ping_status":"closed","template":"","meta":{"_acf_changed":false,"footnotes":""},"class_list":["post-11161","page","type-page","status-publish","hentry"],"acf":[],"_links":{"self":[{"href":"http:\/\/laboratorioscuen.mx\/web1\/wp-json\/wp\/v2\/pages\/11161","targetHints":{"allow":["GET"]}}],"collection":[{"href":"http:\/\/laboratorioscuen.mx\/web1\/wp-json\/wp\/v2\/pages"}],"about":[{"href":"http:\/\/laboratorioscuen.mx\/web1\/wp-json\/wp\/v2\/types\/page"}],"author":[{"embeddable":true,"href":"http:\/\/laboratorioscuen.mx\/web1\/wp-json\/wp\/v2\/users\/1"}],"replies":[{"embeddable":true,"href":"http:\/\/laboratorioscuen.mx\/web1\/wp-json\/wp\/v2\/comments?post=11161"}],"version-history":[{"count":2,"href":"http:\/\/laboratorioscuen.mx\/web1\/wp-json\/wp\/v2\/pages\/11161\/revisions"}],"predecessor-version":[{"id":11163,"href":"http:\/\/laboratorioscuen.mx\/web1\/wp-json\/wp\/v2\/pages\/11161\/revisions\/11163"}],"wp:attachment":[{"href":"http:\/\/laboratorioscuen.mx\/web1\/wp-json\/wp\/v2\/media?parent=11161"}],"curies":[{"name":"wp","href":"https:\/\/api.w.org\/{rel}","templated":true}]}}