{"id":11128,"date":"2019-09-27T19:48:24","date_gmt":"2019-09-27T19:48:24","guid":{"rendered":"http:\/\/laboratorioscuen.mx\/web\/?page_id=11128"},"modified":"2019-10-10T19:15:12","modified_gmt":"2019-10-10T19:15:12","slug":"medicos","status":"publish","type":"page","link":"https:\/\/laboratorioscuen.mx\/web1\/medicos\/","title":{"rendered":"M\u00e9dicos"},"content":{"rendered":"<div class=\"wpb-content-wrapper\"><section class=\"l-section wpb_row height_auto width_full\"><div class=\"l-section-h i-cf\"><div class=\"g-cols vc_row type_default valign_top\"><div class=\"vc_col-sm-12 wpb_column vc_column_container\"><div class=\"vc_column-inner\"><div class=\"wpb_wrapper\">\n\t\t\t<!-- START medicos REVOLUTION SLIDER 6.7.18 --><p class=\"rs-p-wp-fix\"><\/p>\n\t\t\t<rs-module-wrap id=\"rev_slider_6_1_wrapper\" data-source=\"gallery\" style=\"visibility:hidden;background:transparent;padding:0;margin:0px auto;margin-top:0;margin-bottom:0;\">\n\t\t\t\t<rs-module id=\"rev_slider_6_1\" style=\"\" data-version=\"6.7.18\">\n\t\t\t\t\t<rs-slides style=\"overflow: hidden; position: absolute;\">\n\t\t\t\t\t\t<rs-slide style=\"position: absolute;\" data-key=\"rs-31\" data-title=\"Slide\" data-anim=\"ms:1000;r:0;\" data-in=\"o:0;\" data-out=\"a:false;\">\n\t\t\t\t\t\t\t<img decoding=\"async\" src=\"\/\/laboratorioscuen.mx\/web1\/wp-content\/plugins\/revslider\/sr6\/assets\/assets\/dummy.png\" alt=\"\" title=\"Banner_Doctores\" width=\"1920\" height=\"643\" class=\"rev-slidebg tp-rs-img rs-lazyload\" data-lazyload=\"\/\/laboratorioscuen.mx\/web\/wp-content\/uploads\/2019\/10\/Banner_Doctores.png\" data-no-retina>\n<!--\n\t\t\t\t\t\t\t--><rs-layer\n\t\t\t\t\t\t\t\tid=\"slider-6-slide-31-layer-0\" \n\t\t\t\t\t\t\t\tdata-type=\"text\"\n\t\t\t\t\t\t\t\tdata-color=\"#1a9bdc\"\n\t\t\t\t\t\t\t\tdata-rsp_ch=\"on\"\n\t\t\t\t\t\t\t\tdata-xy=\"x:73px;y:144px;\"\n\t\t\t\t\t\t\t\tdata-text=\"w:normal;s:45;l:50;fw:700;\"\n\t\t\t\t\t\t\t\tdata-frame_999=\"o:0;st:w;\"\n\t\t\t\t\t\t\t\tstyle=\"z-index:9;font-family:'Open Sans';\"\n\t\t\t\t\t\t\t>EL RESULTADO PRECISO \n\t\t\t\t\t\t\t<\/rs-layer><!--\n\n\t\t\t\t\t\t\t--><rs-layer\n\t\t\t\t\t\t\t\tid=\"slider-6-slide-31-layer-1\" \n\t\t\t\t\t\t\t\tdata-type=\"text\"\n\t\t\t\t\t\t\t\tdata-color=\"#434343\"\n\t\t\t\t\t\t\t\tdata-rsp_ch=\"on\"\n\t\t\t\t\t\t\t\tdata-xy=\"x:76px;y:214px;\"\n\t\t\t\t\t\t\t\tdata-text=\"w:normal;s:45;l:50;fw:700;\"\n\t\t\t\t\t\t\t\tdata-frame_999=\"o:0;st:w;\"\n\t\t\t\t\t\t\t\tstyle=\"z-index:8;font-family:'Open Sans';\"\n\t\t\t\t\t\t\t>Que tu diagn\u00f3stico<br \/>\nnecesita \n\t\t\t\t\t\t\t<\/rs-layer><!--\n\n\t\t\t\t\t\t\t--><rs-layer\n\t\t\t\t\t\t\t\tid=\"slider-6-slide-31-layer-2\" \n\t\t\t\t\t\t\t\tclass=\"rev-btn\"\n\t\t\t\t\t\t\t\tdata-type=\"button\"\n\t\t\t\t\t\t\t\tdata-color=\"#ffffff\"\n\t\t\t\t\t\t\t\tdata-rsp_ch=\"on\"\n\t\t\t\t\t\t\t\tdata-xy=\"x:82px;y:388px;\"\n\t\t\t\t\t\t\t\tdata-text=\"w:normal;s:17;l:40;fw:700;\"\n\t\t\t\t\t\t\t\tdata-dim=\"minh:0px;\"\n\t\t\t\t\t\t\t\tdata-padding=\"r:25;l:25;\"\n\t\t\t\t\t\t\t\tdata-border=\"bor:25px,25px,25px,25px;\"\n\t\t\t\t\t\t\t\tdata-frame_999=\"o:0;st:w;\"\n\t\t\t\t\t\t\t\tdata-frame_hover=\"bgc:#434343;bor:25px,25px,25px,25px;bri:120%;\"\n\t\t\t\t\t\t\t\tstyle=\"z-index:10;background-color:#1a9bdc;font-family:'Open Sans';\"\n\t\t\t\t\t\t\t>CONOCE M\u00c1S \n\t\t\t\t\t\t\t<\/rs-layer><!--\n-->\t\t\t\t\t<\/rs-slide>\n\t\t\t\t\t<\/rs-slides>\n\t\t\t\t<\/rs-module>\n\t\t\t\t<script>\n\t\t\t\t\tsetREVStartSize({c: 'rev_slider_6_1',rl:[1240,1024,778,480],el:[600],gw:[1240],gh:[600],type:'standard',justify:'',layout:'fullwidth',mh:\"0\"});if (window.RS_MODULES!==undefined && window.RS_MODULES.modules!==undefined && window.RS_MODULES.modules[\"revslider61\"]!==undefined) {window.RS_MODULES.modules[\"revslider61\"].once = false;window.revapi6 = undefined;if (window.RS_MODULES.checkMinimal!==undefined) window.RS_MODULES.checkMinimal()}\n\t\t\t\t<\/script>\n\t\t\t<\/rs-module-wrap>\n\t\t\t<!-- END REVOLUTION SLIDER -->\n<\/div><\/div><\/div><\/div><\/div><\/section><section class=\"l-section wpb_row height_auto width_full color_custom\" style=\"background: #1a9bdc;\"><div class=\"l-section-h i-cf\"><div class=\"g-cols vc_row type_default valign_top\"><div class=\"vc_col-sm-12 wpb_column vc_column_container\"><div class=\"vc_column-inner\"><div class=\"wpb_wrapper\"><div class=\"w-separator size_custom\" style=\"height:80px;\"><\/div><\/div><\/div><\/div><\/div><\/div><\/section><section class=\"l-section wpb_row height_medium\" style=\"padding-right: 20% !important;padding-left: 20% !important;\"><div class=\"l-section-h i-cf\" style=\"padding-bottom: 0px !important;\"><div class=\"g-cols vc_row type_default valign_top\"><div class=\"vc_col-sm-6 wpb_column vc_column_container\"><div class=\"vc_column-inner\"><div class=\"wpb_wrapper\"><div class=\"w-image align_center vc_custom_1570734631240\"><div class=\"w-image-h\"><img loading=\"lazy\" decoding=\"async\" width=\"587\" height=\"464\" src=\"https:\/\/laboratorioscuen.mx\/web1\/wp-content\/uploads\/2019\/10\/Foto_AcercadeNosotros.png\" class=\"attachment-full size-full\" alt=\"\" srcset=\"https:\/\/laboratorioscuen.mx\/web1\/wp-content\/uploads\/2019\/10\/Foto_AcercadeNosotros.png 587w, https:\/\/laboratorioscuen.mx\/web1\/wp-content\/uploads\/2019\/10\/Foto_AcercadeNosotros-300x237.png 300w\" sizes=\"auto, (max-width: 587px) 100vw, 587px\" \/><\/div><\/div><\/div><\/div><\/div><div class=\"vc_col-sm-6 wpb_column vc_column_container lineaizquierda\"><div class=\"vc_column-inner\"><div class=\"wpb_wrapper\">\n\t<div class=\"wpb_text_column \">\n\t\t<div class=\"wpb_wrapper\">\n\t\t\t<h3><span style=\"color: #1a9bdc;\">Acerca de<\/span> <span style=\"color: #434343;\">nosotros<\/span><\/h3>\n\n\t\t<\/div>\n\t<\/div>\n<div class=\"w-separator size_custom with_line width_30 thick_2 style_solid color_custom align_center\" style=\"height:30px;border-color:#dddddd;color:#dddddd;\"><div class=\"w-separator-h\"><\/div><\/div>\n\t<div class=\"wpb_text_column \">\n\t\t<div class=\"wpb_wrapper\">\n\t\t\t<p>En Laboratorios Cu\u00e9n contamos con atenci\u00f3n profesional a cargo de bioqu\u00edmicos con amplia trayectoria, brind\u00e1ndote informaci\u00f3n sobre las t\u00e9cnicas utilizadas, valores de referencia, nuevas metodolog\u00edas, procesos de calidad y otras consultas.<\/p>\n\n\t\t<\/div>\n\t<\/div>\n<\/div><\/div><\/div><\/div><\/div><\/section><section class=\"l-section wpb_row height_medium\" style=\"padding-right: 20% !important;padding-left: 20% !important;\"><div class=\"l-section-h i-cf\"><div class=\"g-cols vc_row type_default valign_top\"><div class=\"vc_col-sm-12 wpb_column vc_column_container\"><div class=\"vc_column-inner\"><div class=\"wpb_wrapper\"><div class=\"g-cols wpb_row  type_default valign_top vc_inner  vc_custom_1569616249008\"><div class=\"vc_col-sm-4 wpb_column vc_column_container\"><div class=\"vc_column-inner\"><div class=\"wpb_wrapper\"><\/div><\/div><\/div><div class=\"vc_col-sm-4 wpb_column vc_column_container\"><div class=\"vc_column-inner\"><div class=\"wpb_wrapper\">\n\t<div class=\"wpb_text_column \">\n\t\t<div class=\"wpb_wrapper\">\n\t\t\t<h3 style=\"text-align: center;\"><span style=\"color: #434343;\"><span style=\"color: #1a9bdc;\">Nuestros <\/span><\/span><span style=\"color: #434343;\">servicios<\/span><\/h3>\n\n\t\t<\/div>\n\t<\/div>\n<div class=\"w-separator size_custom with_line width_30 thick_2 style_solid color_custom align_center\" style=\"height:30px;border-color:#dddddd;color:#dddddd;\"><div class=\"w-separator-h\"><\/div><\/div><\/div><\/div><\/div><div class=\"vc_col-sm-4 wpb_column vc_column_container\"><div class=\"vc_column-inner\"><div class=\"wpb_wrapper\"><\/div><\/div><\/div><\/div><div class=\"g-cols wpb_row  type_default valign_top vc_inner \"><div class=\"vc_col-sm-3 wpb_column vc_column_container\"><div class=\"vc_column-inner\"><div class=\"wpb_wrapper\"><div class=\"w-image align_center\"><div class=\"w-image-h\"><img loading=\"lazy\" decoding=\"async\" width=\"235\" height=\"236\" src=\"https:\/\/laboratorioscuen.mx\/web1\/wp-content\/uploads\/2019\/10\/NServicios_1.png\" class=\"attachment-full size-full\" alt=\"\" \/><\/div><\/div>\n\t<div class=\"wpb_text_column  vc_custom_1569613695159\">\n\t\t<div class=\"wpb_wrapper\">\n\t\t\t<h4 style=\"text-align: center;\"><span style=\"color: #006eae;\">An\u00e1lisis de<br \/>\nlaboratorio<\/span><\/h4>\n\n\t\t<\/div>\n\t<\/div>\n<\/div><\/div><\/div><div class=\"vc_col-sm-3 wpb_column vc_column_container\"><div class=\"vc_column-inner\"><div class=\"wpb_wrapper\"><div class=\"w-image align_center\"><div class=\"w-image-h\"><img loading=\"lazy\" decoding=\"async\" width=\"235\" height=\"236\" src=\"https:\/\/laboratorioscuen.mx\/web1\/wp-content\/uploads\/2019\/10\/NServicios_2.png\" class=\"attachment-full size-full\" alt=\"\" \/><\/div><\/div>\n\t<div class=\"wpb_text_column  vc_custom_1569616023985\">\n\t\t<div class=\"wpb_wrapper\">\n\t\t\t<h4 style=\"text-align: center;\"><span style=\"color: #006eae;\">Toma de muestras<br \/>\na domicilio<\/span><\/h4>\n\n\t\t<\/div>\n\t<\/div>\n<\/div><\/div><\/div><div class=\"vc_col-sm-3 wpb_column vc_column_container\"><div class=\"vc_column-inner\"><div class=\"wpb_wrapper\"><div class=\"w-image align_center\"><div class=\"w-image-h\"><img loading=\"lazy\" decoding=\"async\" width=\"235\" height=\"236\" src=\"https:\/\/laboratorioscuen.mx\/web1\/wp-content\/uploads\/2019\/10\/NServicios_3.png\" class=\"attachment-full size-full\" alt=\"\" \/><\/div><\/div>\n\t<div class=\"wpb_text_column  vc_custom_1569616144652\">\n\t\t<div class=\"wpb_wrapper\">\n\t\t\t<h4 style=\"text-align: center;\"><span style=\"color: #006eae;\">Servicio de<br \/>\nemergencias 24 hrs.<\/span><\/h4>\n\n\t\t<\/div>\n\t<\/div>\n<\/div><\/div><\/div><div class=\"vc_col-sm-3 wpb_column vc_column_container\"><div class=\"vc_column-inner\"><div class=\"wpb_wrapper\"><div class=\"w-image align_center\"><div class=\"w-image-h\"><img loading=\"lazy\" decoding=\"async\" width=\"235\" height=\"236\" src=\"https:\/\/laboratorioscuen.mx\/web1\/wp-content\/uploads\/2019\/10\/NServicios_4.png\" class=\"attachment-full size-full\" alt=\"\" \/><\/div><\/div>\n\t<div class=\"wpb_text_column  vc_custom_1569616165130\">\n\t\t<div class=\"wpb_wrapper\">\n\t\t\t<h4 style=\"text-align: center;\"><span style=\"color: #006eae;\">Resultados<br \/>\nonline<\/span><\/h4>\n\n\t\t<\/div>\n\t<\/div>\n<\/div><\/div><\/div><\/div><\/div><\/div><\/div><\/div><\/div><\/section><section class=\"l-section wpb_row height_auto width_full color_custom\" style=\"background: #1a9bdc;\"><div class=\"l-section-h i-cf\"><div class=\"g-cols vc_row type_default valign_top\"><div class=\"vc_col-sm-4 wpb_column vc_column_container\"><div class=\"vc_column-inner\"><div class=\"wpb_wrapper\"><\/div><\/div><\/div><div class=\"vc_col-sm-4 wpb_column vc_column_container\"><div class=\"vc_column-inner\"><div class=\"wpb_wrapper\"><div class=\"w-separator size_custom\" style=\"height:30px;\"><\/div>\n\t<div class=\"wpb_text_column \">\n\t\t<div class=\"wpb_wrapper\">\n\t\t\t<h3 style=\"text-align: center;\"><span style=\"color: #ffffff;\">\u00bfPor qu\u00e9 elegirnos?<\/span><\/h3>\n\n\t\t<\/div>\n\t<\/div>\n<div class=\"w-separator size_custom with_line width_30 thick_2 style_solid color_custom align_center\" style=\"height:30px;border-color:#dddddd;color:#dddddd;\"><div class=\"w-separator-h\"><\/div><\/div><div class=\"w-separator size_custom\" style=\"height:30px;\"><\/div><\/div><\/div><\/div><div class=\"vc_col-sm-4 wpb_column vc_column_container\"><div class=\"vc_column-inner\"><div class=\"wpb_wrapper\"><\/div><\/div><\/div><\/div><\/div><\/section><section class=\"l-section wpb_row height_medium\" style=\"padding-right: 20% !important;padding-left: 20% !important;\"><div class=\"l-section-h i-cf\" style=\"padding-bottom: 0px !important;\"><div class=\"g-cols vc_row type_default valign_top\"><div class=\"vc_col-sm-6 wpb_column vc_column_container\"><div class=\"vc_column-inner\"><div class=\"wpb_wrapper\"><div class=\"w-image align_center vc_custom_1570734759181\"><div class=\"w-image-h\"><img loading=\"lazy\" decoding=\"async\" width=\"587\" height=\"465\" src=\"https:\/\/laboratorioscuen.mx\/web1\/wp-content\/uploads\/2019\/10\/Personal_Capacitado_Foto.png\" class=\"attachment-full size-full\" alt=\"\" srcset=\"https:\/\/laboratorioscuen.mx\/web1\/wp-content\/uploads\/2019\/10\/Personal_Capacitado_Foto.png 587w, https:\/\/laboratorioscuen.mx\/web1\/wp-content\/uploads\/2019\/10\/Personal_Capacitado_Foto-300x238.png 300w\" sizes=\"auto, (max-width: 587px) 100vw, 587px\" \/><\/div><\/div><\/div><\/div><\/div><div class=\"vc_col-sm-6 wpb_column vc_column_container lineaizquierda\"><div class=\"vc_column-inner\"><div class=\"wpb_wrapper\">\n\t<div class=\"wpb_text_column \">\n\t\t<div class=\"wpb_wrapper\">\n\t\t\t<h3><span style=\"color: #1a9bdc;\">Personal<\/span> capacitado<\/h3>\n\n\t\t<\/div>\n\t<\/div>\n<div class=\"w-separator size_custom with_line width_30 thick_2 style_solid color_custom align_center\" style=\"height:30px;border-color:#dddddd;color:#dddddd;\"><div class=\"w-separator-h\"><\/div><\/div>\n\t<div class=\"wpb_text_column \">\n\t\t<div class=\"wpb_wrapper\">\n\t\t\t<p>Un riguroso proceso de selecci\u00f3n de nuestros t\u00e9cnicos especialistas garantiza que cada paciente recibe un servicio de primera con las m\u00e1s altas normas a nivel internacional.<\/p>\n\n\t\t<\/div>\n\t<\/div>\n<\/div><\/div><\/div><\/div><\/div><\/section><section class=\"l-section wpb_row height_medium\" style=\"padding-right: 20% !important;padding-left: 20% !important;\"><div class=\"l-section-h i-cf\" style=\"padding-bottom: 0px !important;\"><div class=\"g-cols vc_row type_default valign_top\"><div class=\"vc_col-sm-12 wpb_column vc_column_container\"><div class=\"vc_column-inner\"><div class=\"wpb_wrapper\"><div class=\"g-cols wpb_row  type_default valign_top vc_inner \"><div class=\"vc_col-sm-4 wpb_column vc_column_container\"><div class=\"vc_column-inner\"><div class=\"wpb_wrapper\"><div class=\"w-image align_center\"><div class=\"w-image-h\"><img loading=\"lazy\" decoding=\"async\" width=\"240\" height=\"241\" src=\"https:\/\/laboratorioscuen.mx\/web1\/wp-content\/uploads\/2019\/09\/Ele01.png\" class=\"attachment-full size-full\" alt=\"\" \/><\/div><\/div>\n\t<div class=\"wpb_text_column  vc_custom_1569617048241\">\n\t\t<div class=\"wpb_wrapper\">\n\t\t\t<h4 style=\"text-align: center;\"><span style=\"color: #006eae;\">Proceso de<br \/>\nselecci\u00f3n<\/span><\/h4>\n\n\t\t<\/div>\n\t<\/div>\n<\/div><\/div><\/div><div class=\"vc_col-sm-4 wpb_column vc_column_container\"><div class=\"vc_column-inner\"><div class=\"wpb_wrapper\"><div class=\"w-image align_center\"><div class=\"w-image-h\"><img loading=\"lazy\" decoding=\"async\" width=\"240\" height=\"241\" src=\"https:\/\/laboratorioscuen.mx\/web1\/wp-content\/uploads\/2019\/09\/Ele02.png\" class=\"attachment-full size-full\" alt=\"\" \/><\/div><\/div>\n\t<div class=\"wpb_text_column  vc_custom_1569617095668\">\n\t\t<div class=\"wpb_wrapper\">\n\t\t\t<h4 style=\"text-align: center;\"><span style=\"color: #006eae;\">Capacitaci\u00f3n<br \/>\nconstante<\/span><\/h4>\n\n\t\t<\/div>\n\t<\/div>\n<\/div><\/div><\/div><div class=\"vc_col-sm-4 wpb_column vc_column_container\"><div class=\"vc_column-inner\"><div class=\"wpb_wrapper\"><div class=\"w-image align_center\"><div class=\"w-image-h\"><img loading=\"lazy\" decoding=\"async\" width=\"240\" height=\"241\" src=\"https:\/\/laboratorioscuen.mx\/web1\/wp-content\/uploads\/2019\/09\/Ele03.png\" class=\"attachment-full size-full\" alt=\"\" \/><\/div><\/div>\n\t<div class=\"wpb_text_column  vc_custom_1569617133751\">\n\t\t<div class=\"wpb_wrapper\">\n\t\t\t<h4 style=\"text-align: center;\"><span style=\"color: #006eae;\">Atenci\u00f3n de<br \/>\nprimera<\/span><\/h4>\n\n\t\t<\/div>\n\t<\/div>\n<\/div><\/div><\/div><\/div><\/div><\/div><\/div><\/div><\/div><\/section><section class=\"l-section wpb_row height_medium\" style=\"padding-right: 20% !important;padding-left: 20% !important;\"><div class=\"l-section-h i-cf\" style=\"padding-bottom: 15px !important;\"><div class=\"g-cols vc_row type_default valign_top\"><div class=\"vc_col-sm-12 wpb_column vc_column_container\"><div class=\"vc_column-inner\"><div class=\"wpb_wrapper\"><div class=\"g-cols wpb_row  type_default valign_top vc_inner  vc_custom_1569618272514\"><div class=\"vc_col-sm-3 wpb_column vc_column_container\"><div class=\"vc_column-inner\"><div class=\"wpb_wrapper\"><\/div><\/div><\/div><div class=\"vc_col-sm-6 wpb_column vc_column_container\"><div class=\"vc_column-inner\"><div class=\"wpb_wrapper\">\n\t<div class=\"wpb_text_column \">\n\t\t<div class=\"wpb_wrapper\">\n\t\t\t<h3 style=\"text-align: center;\"><span style=\"color: #434343;\"><span style=\"color: #1a9bdc;\">Equipo de <\/span><\/span><span style=\"color: #434343;\">vanguardia<\/span><\/h3>\n\n\t\t<\/div>\n\t<\/div>\n<div class=\"w-separator size_custom with_line width_30 thick_2 style_solid color_custom align_center\" style=\"height:30px;border-color:#dddddd;color:#dddddd;\"><div class=\"w-separator-h\"><\/div><\/div><\/div><\/div><\/div><div class=\"vc_col-sm-3 wpb_column vc_column_container\"><div class=\"vc_column-inner\"><div class=\"wpb_wrapper\"><\/div><\/div><\/div><\/div><div class=\"g-cols wpb_row  type_default valign_top vc_inner \"><div class=\"vc_col-sm-12 wpb_column vc_column_container\"><div class=\"vc_column-inner\"><div class=\"wpb_wrapper\">\n\t<div class=\"wpb_text_column  vc_custom_1569618034286\">\n\t\t<div class=\"wpb_wrapper\">\n\t\t\t<p style=\"text-align: center;\">Nuestras modernas instalaciones y equipo tecnol\u00f3gico actualizado se suman a nuestro sistema de doble verificaci\u00f3n aplicado en cada una de nuestras pruebas, logrando as\u00ed distinguirnos como el laboratorio experto en veracidad de resultados.<\/p>\n\n\t\t<\/div>\n\t<\/div>\n<div class=\"w-image align_center\"><div class=\"w-image-h\"><img loading=\"lazy\" decoding=\"async\" width=\"934\" height=\"593\" src=\"https:\/\/laboratorioscuen.mx\/web1\/wp-content\/uploads\/2019\/10\/Foto_EquipodeVanguardia.png\" class=\"attachment-full size-full\" alt=\"\" srcset=\"https:\/\/laboratorioscuen.mx\/web1\/wp-content\/uploads\/2019\/10\/Foto_EquipodeVanguardia.png 934w, https:\/\/laboratorioscuen.mx\/web1\/wp-content\/uploads\/2019\/10\/Foto_EquipodeVanguardia-300x190.png 300w, https:\/\/laboratorioscuen.mx\/web1\/wp-content\/uploads\/2019\/10\/Foto_EquipodeVanguardia-768x488.png 768w\" sizes=\"auto, (max-width: 934px) 100vw, 934px\" \/><\/div><\/div><\/div><\/div><\/div><\/div><\/div><\/div><\/div><\/div><\/div><\/section><section class=\"l-section wpb_row height_medium\" style=\"padding-right: 20% !important;padding-left: 20% !important;\"><div class=\"l-section-h i-cf\" style=\"padding-bottom: 0px !important;\"><div class=\"g-cols vc_row type_default valign_top\"><div class=\"vc_col-sm-6 wpb_column vc_column_container\"><div class=\"vc_column-inner  vc_custom_1569618312334\"><div class=\"wpb_wrapper\"><div class=\"w-image align_center vc_custom_1569618464845\"><div class=\"w-image-h\"><img loading=\"lazy\" decoding=\"async\" width=\"420\" height=\"644\" src=\"https:\/\/laboratorioscuen.mx\/web1\/wp-content\/uploads\/2019\/09\/MedallaCuenS.png\" class=\"attachment-full size-full\" alt=\"\" srcset=\"https:\/\/laboratorioscuen.mx\/web1\/wp-content\/uploads\/2019\/09\/MedallaCuenS.png 420w, https:\/\/laboratorioscuen.mx\/web1\/wp-content\/uploads\/2019\/09\/MedallaCuenS-196x300.png 196w\" sizes=\"auto, (max-width: 420px) 100vw, 420px\" \/><\/div><\/div><\/div><\/div><\/div><div class=\"vc_col-sm-6 wpb_column vc_column_container lineaizquierda\"><div class=\"vc_column-inner\"><div class=\"wpb_wrapper\">\n\t<div class=\"wpb_text_column \">\n\t\t<div class=\"wpb_wrapper\">\n\t\t\t<h3><span style=\"color: #1a9bdc;\">Actualizados<\/span> para un diagn\u00f3stico preciso<\/h3>\n\n\t\t<\/div>\n\t<\/div>\n<div class=\"w-separator size_custom with_line width_30 thick_2 style_solid color_custom align_center\" style=\"height:30px;border-color:#dddddd;color:#dddddd;\"><div class=\"w-separator-h\"><\/div><\/div>\n\t<div class=\"wpb_text_column \">\n\t\t<div class=\"wpb_wrapper\">\n\t\t\t<p>Nuestro trabajo es monitoreado por PACAL, un programa que permite la mejora d\u00eda a d\u00eda nuestra calidad anal\u00edtica y que asegura la salud de la poblaci\u00f3n mexicana.<\/p>\n\n\t\t<\/div>\n\t<\/div>\n<div class=\"w-separator size_custom\" style=\"height:35px;\"><\/div><div class=\"w-image align_none\"><div class=\"w-image-h\"><img loading=\"lazy\" decoding=\"async\" width=\"505\" height=\"216\" src=\"https:\/\/laboratorioscuen.mx\/web1\/wp-content\/uploads\/2019\/09\/Logo-Pacal.jpg\" class=\"attachment-large size-large\" alt=\"\" srcset=\"https:\/\/laboratorioscuen.mx\/web1\/wp-content\/uploads\/2019\/09\/Logo-Pacal.jpg 505w, https:\/\/laboratorioscuen.mx\/web1\/wp-content\/uploads\/2019\/09\/Logo-Pacal-300x128.jpg 300w\" sizes=\"auto, (max-width: 505px) 100vw, 505px\" \/><\/div><\/div><div class=\"w-separator size_custom\" style=\"height:20px;\"><\/div><\/div><\/div><\/div><\/div><\/div><\/section><section class=\"l-section wpb_row height_medium color_custom\" style=\"background: #1a9bdc;padding-right: 20% !important;padding-left: 20% !important;\"><div class=\"l-section-h i-cf\"><div class=\"g-cols vc_row type_default valign_top\"><div class=\"vc_col-sm-12 wpb_column vc_column_container\"><div class=\"vc_column-inner\"><div class=\"wpb_wrapper\"><div class=\"g-cols wpb_row  type_default valign_top vc_inner  vc_custom_1569616249008\"><div class=\"vc_col-sm-4 wpb_column vc_column_container\"><div class=\"vc_column-inner\"><div class=\"wpb_wrapper\"><\/div><\/div><\/div><div class=\"vc_col-sm-4 wpb_column vc_column_container\"><div class=\"vc_column-inner\"><div class=\"wpb_wrapper\">\n\t<div class=\"wpb_text_column \">\n\t\t<div class=\"wpb_wrapper\">\n\t\t\t<h3 style=\"text-align: center;\"><span style=\"color: #ffffff;\">\u00bfTienes preguntas?<\/span><\/h3>\n\n\t\t<\/div>\n\t<\/div>\n<div class=\"w-separator size_custom with_line width_30 thick_2 style_solid color_custom align_center\" style=\"height:30px;border-color:#dddddd;color:#dddddd;\"><div class=\"w-separator-h\"><\/div><\/div><\/div><\/div><\/div><div class=\"vc_col-sm-4 wpb_column vc_column_container\"><div class=\"vc_column-inner\"><div class=\"wpb_wrapper\"><\/div><\/div><\/div><\/div><div class=\"w-btn-wrapper width_auto align_center vc_custom_1569618513236\"><a class=\"w-btn us-btn-style_2\" href=\"http:\/\/laboratorioscuen.mx\/web\/contacto\/\" title=\"Contacto\"><span class=\"w-btn-label\">CONT\u00c1CTANOS<\/span><\/a><\/div><\/div><\/div><\/div><\/div><\/div><\/section>\n<\/div>","protected":false},"excerpt":{"rendered":"EL RESULTADO PRECISO Que tu diagn\u00f3stico necesita CONOCE M\u00c1S Acerca de nosotros En Laboratorios Cu\u00e9n contamos con atenci\u00f3n profesional a cargo de bioqu\u00edmicos con amplia trayectoria, brind\u00e1ndote informaci\u00f3n sobre las t\u00e9cnicas utilizadas, valores de referencia, nuevas metodolog\u00edas, procesos de calidad y otras consultas. Nuestros servicios An\u00e1lisis de laboratorio Toma de muestras a domicilio Servicio de...","protected":false},"author":1,"featured_media":0,"parent":0,"menu_order":0,"comment_status":"closed","ping_status":"closed","template":"","meta":{"_acf_changed":false,"footnotes":""},"class_list":["post-11128","page","type-page","status-publish","hentry"],"acf":[],"_links":{"self":[{"href":"https:\/\/laboratorioscuen.mx\/web1\/wp-json\/wp\/v2\/pages\/11128","targetHints":{"allow":["GET"]}}],"collection":[{"href":"https:\/\/laboratorioscuen.mx\/web1\/wp-json\/wp\/v2\/pages"}],"about":[{"href":"https:\/\/laboratorioscuen.mx\/web1\/wp-json\/wp\/v2\/types\/page"}],"author":[{"embeddable":true,"href":"https:\/\/laboratorioscuen.mx\/web1\/wp-json\/wp\/v2\/users\/1"}],"replies":[{"embeddable":true,"href":"https:\/\/laboratorioscuen.mx\/web1\/wp-json\/wp\/v2\/comments?post=11128"}],"version-history":[{"count":21,"href":"https:\/\/laboratorioscuen.mx\/web1\/wp-json\/wp\/v2\/pages\/11128\/revisions"}],"predecessor-version":[{"id":11147,"href":"https:\/\/laboratorioscuen.mx\/web1\/wp-json\/wp\/v2\/pages\/11128\/revisions\/11147"}],"wp:attachment":[{"href":"https:\/\/laboratorioscuen.mx\/web1\/wp-json\/wp\/v2\/media?parent=11128"}],"curies":[{"name":"wp","href":"https:\/\/api.w.org\/{rel}","templated":true}]}}