{"id":3153,"date":"2018-11-07T21:08:42","date_gmt":"2018-11-07T21:08:42","guid":{"rendered":"http:\/\/laboratorioscuen.mx\/web\/?page_id=3153"},"modified":"2019-10-11T16:06:31","modified_gmt":"2019-10-11T16:06:31","slug":"acerca-de","status":"publish","type":"page","link":"https:\/\/laboratorioscuen.mx\/web1\/acerca-de\/","title":{"rendered":"Qui\u00e9nes somos"},"content":{"rendered":"<div class=\"wpb-content-wrapper\"><section class=\"l-section wpb_row height_medium width_full with_img\"><div class=\"l-section-img\" style=\"background-image: url(https:\/\/laboratorioscuen.mx\/web1\/wp-content\/uploads\/2019\/10\/Banner_QuieneSomos.png);\" data-img-width=\"1920\" data-img-height=\"643\"><\/div><div class=\"l-section-h i-cf\"><div class=\"g-cols vc_row type_default valign_top\"><div class=\"vc_col-sm-12 wpb_column vc_column_container\"><div class=\"vc_column-inner\"><div class=\"wpb_wrapper\"><div class=\"w-separator size_custom\" style=\"height:500px;\"><\/div><\/div><\/div><\/div><\/div><\/div><\/section><section class=\"l-section wpb_row height_medium\"><div class=\"l-section-h i-cf\" style=\"padding-bottom: 0px !important;\"><div class=\"g-cols vc_row type_default valign_top\"><div class=\"vc_col-sm-6 wpb_column vc_column_container justificado\"><div class=\"vc_column-inner  vc_custom_1570809675630\"><div class=\"wpb_wrapper\"><div class=\"g-cols wpb_row  type_default valign_top vc_inner imageniconotitulo  vc_custom_1570809975870\"><div class=\"vc_col-sm-12 wpb_column vc_column_container\"><div class=\"vc_column-inner  vc_custom_1570809224948\"><div class=\"wpb_wrapper\">\n\t<div class=\"wpb_text_column  vc_custom_1570809383265\">\n\t\t<div class=\"wpb_wrapper\">\n\t\t\t<h1 style=\"text-align: left;\"><img loading=\"lazy\" decoding=\"async\" class=\"wp-image-11095 size-full alignleft\" src=\"http:\/\/laboratorioscuen.mx\/web\/wp-content\/uploads\/2019\/09\/Icono-01.png\" alt=\"\" width=\"70\" height=\"74\" \/>\u00bfQui\u00e9nes somos?<\/h1>\n\n\t\t<\/div>\n\t<\/div>\n<\/div><\/div><\/div><\/div><div class=\"g-cols wpb_row  type_default valign_top vc_inner \"><div class=\"vc_col-sm-12 wpb_column vc_column_container\"><div class=\"vc_column-inner\"><div class=\"wpb_wrapper\">\n\t<div class=\"wpb_text_column  vc_custom_1570808932791\">\n\t\t<div class=\"wpb_wrapper\">\n\t\t\t<p>Somos un laboratorio de an\u00e1lisis cl\u00ednicos con m\u00e1s de 40 a\u00f1os de experiencia, dedicados al cuidado de la salud de nuestros pacientes, brindando cada d\u00eda mayor confianza en nuestros resultados.<\/p>\n<p>Hoy en d\u00eda otorgamos una gama cada vez m\u00e1s amplia en la detecci\u00f3n de padecimientos en el \u00e1rea de la salud, as\u00ed como una infraestructura cada vez m\u00e1s grande y al alcance de todos.<\/p>\n\n\t\t<\/div>\n\t<\/div>\n<\/div><\/div><\/div><\/div><\/div><\/div><\/div><div class=\"vc_col-sm-6 wpb_column vc_column_container\"><div class=\"vc_column-inner\"><div class=\"wpb_wrapper\"><div class=\"w-image align_center\"><div class=\"w-image-h\"><img loading=\"lazy\" decoding=\"async\" width=\"562\" height=\"375\" src=\"https:\/\/laboratorioscuen.mx\/web1\/wp-content\/uploads\/2019\/10\/Foto_QuienesSomos-1.png\" class=\"attachment-full size-full\" alt=\"\" srcset=\"https:\/\/laboratorioscuen.mx\/web1\/wp-content\/uploads\/2019\/10\/Foto_QuienesSomos-1.png 562w, https:\/\/laboratorioscuen.mx\/web1\/wp-content\/uploads\/2019\/10\/Foto_QuienesSomos-1-300x200.png 300w\" sizes=\"auto, (max-width: 562px) 100vw, 562px\" \/><\/div><\/div><\/div><\/div><\/div><\/div><\/div><\/section><section class=\"l-section wpb_row height_medium\"><div class=\"l-section-h i-cf\"><div class=\"g-cols vc_row type_default valign_top\"><div class=\"vc_col-sm-12 wpb_column vc_column_container\"><div class=\"vc_column-inner\"><div class=\"wpb_wrapper\"><div class=\"w-separator us_separator_1 size_custom\" style=\"height:0px;\"><style>@media(max-width:900px){.us_separator_1{height:30px!important}}@media(max-width:600px){.us_separator_1{height:30px!important}}<\/style><\/div><div class=\"g-cols wpb_row  type_default valign_top vc_inner justificado \"><div class=\"vc_col-sm-6 wpb_column vc_column_container\"><div class=\"vc_column-inner\"><div class=\"wpb_wrapper\">\n\t<div class=\"wpb_text_column  vc_custom_1569529777729\">\n\t\t<div class=\"wpb_wrapper\">\n\t\t\t<h3><span style=\"color: #006eae;\">Misi\u00f3n<\/span><\/h3>\n<p>Contribuir de manera eficiente en la salud de nuestros pacientes, aportando de manera \u00e9tica al diagn\u00f3stico y la exigencia de la medicina actual, brindando estudios de calidad, oportunos y confiables por medio de personal calificado y tecnolog\u00eda de vanguardia para el desarrollo de nuestros servicios.<\/p>\n\n\t\t<\/div>\n\t<\/div>\n<\/div><\/div><\/div><div class=\"vc_col-sm-6 wpb_column vc_column_container\"><div class=\"vc_column-inner\"><div class=\"wpb_wrapper\">\n\t<div class=\"wpb_text_column  vc_custom_1569530232598\">\n\t\t<div class=\"wpb_wrapper\">\n\t\t\t<h3><span style=\"color: #006eae;\">Visi\u00f3n<\/span><\/h3>\n<p>Ser l\u00edderes en nuestro \u00e1mbito de laboratorios de An\u00e1lisis cl\u00ednicos con el mejor servicio tecnol\u00f3gico y humano certificado. Siendo un referente para el apoyo diagn\u00f3stico y preventivo de la salud de nuestro estado.<\/p>\n\n\t\t<\/div>\n\t<\/div>\n<\/div><\/div><\/div><\/div>\n\t<div class=\"wpb_text_column  vc_custom_1569530207284\">\n\t\t<div class=\"wpb_wrapper\">\n\t\t\t<h3><span style=\"color: #006eae;\">Valores<\/span><\/h3>\n\n\t\t<\/div>\n\t<\/div>\n<div class=\"g-cols wpb_row  type_default valign_top vc_inner imagenicono \"><div class=\"vc_col-sm-4 wpb_column vc_column_container\"><div class=\"vc_column-inner\"><div class=\"wpb_wrapper\">\n\t<div class=\"wpb_text_column \">\n\t\t<div class=\"wpb_wrapper\">\n\t\t\t<p><img loading=\"lazy\" decoding=\"async\" class=\"alignleft wp-image-11096 size-full\" src=\"http:\/\/laboratorioscuen.mx\/web\/wp-content\/uploads\/2019\/09\/Icono-Valor-2.png\" alt=\"\" width=\"30\" height=\"30\" \/><strong>COMPROMISO Y<\/strong><br \/>\n<strong>RESPONSABILIDAD<\/strong><\/p>\n\n\t\t<\/div>\n\t<\/div>\n<div class=\"w-separator size_custom\" style=\"height:30px;\"><\/div><\/div><\/div><\/div><div class=\"vc_col-sm-4 wpb_column vc_column_container\"><div class=\"vc_column-inner\"><div class=\"wpb_wrapper\">\n\t<div class=\"wpb_text_column \">\n\t\t<div class=\"wpb_wrapper\">\n\t\t\t<p><img loading=\"lazy\" decoding=\"async\" class=\"alignleft wp-image-11096 size-full\" src=\"http:\/\/laboratorioscuen.mx\/web\/wp-content\/uploads\/2019\/09\/Icono-Valor-2.png\" alt=\"\" width=\"30\" height=\"30\" \/><strong>PASI\u00d3N POR<\/strong><br \/>\n<strong>EL TRABAJO<\/strong><\/p>\n\n\t\t<\/div>\n\t<\/div>\n<div class=\"w-separator size_custom\" style=\"height:30px;\"><\/div><\/div><\/div><\/div><div class=\"vc_col-sm-4 wpb_column vc_column_container\"><div class=\"vc_column-inner\"><div class=\"wpb_wrapper\">\n\t<div class=\"wpb_text_column \">\n\t\t<div class=\"wpb_wrapper\">\n\t\t\t<p><img loading=\"lazy\" decoding=\"async\" class=\"alignleft wp-image-11096 size-full\" src=\"http:\/\/laboratorioscuen.mx\/web\/wp-content\/uploads\/2019\/09\/Icono-Valor-2.png\" alt=\"\" width=\"30\" height=\"30\" \/><strong>TRABAJO<\/strong><br \/>\n<strong>EN EQUIPO<\/strong><\/p>\n\n\t\t<\/div>\n\t<\/div>\n<div class=\"w-separator size_custom\" style=\"height:30px;\"><\/div><\/div><\/div><\/div><\/div><div class=\"g-cols wpb_row  type_default valign_top vc_inner imagenicono \"><div class=\"vc_col-sm-4 wpb_column vc_column_container\"><div class=\"vc_column-inner\"><div class=\"wpb_wrapper\">\n\t<div class=\"wpb_text_column \">\n\t\t<div class=\"wpb_wrapper\">\n\t\t\t<p><img loading=\"lazy\" decoding=\"async\" class=\"alignleft wp-image-11096 size-full\" src=\"http:\/\/laboratorioscuen.mx\/web\/wp-content\/uploads\/2019\/09\/Icono-Valor-2.png\" alt=\"\" width=\"30\" height=\"30\" \/><strong>\u00c9TICA<\/strong><\/p>\n\n\t\t<\/div>\n\t<\/div>\n<div class=\"w-separator size_custom\" style=\"height:30px;\"><\/div><\/div><\/div><\/div><div class=\"vc_col-sm-4 wpb_column vc_column_container\"><div class=\"vc_column-inner\"><div class=\"wpb_wrapper\">\n\t<div class=\"wpb_text_column \">\n\t\t<div class=\"wpb_wrapper\">\n\t\t\t<p><img loading=\"lazy\" decoding=\"async\" class=\"alignleft wp-image-11096 size-full\" src=\"http:\/\/laboratorioscuen.mx\/web\/wp-content\/uploads\/2019\/09\/Icono-Valor-2.png\" alt=\"\" width=\"30\" height=\"30\" \/><strong>EFICIENCIA<\/strong><\/p>\n\n\t\t<\/div>\n\t<\/div>\n<div class=\"w-separator size_custom\" style=\"height:30px;\"><\/div><\/div><\/div><\/div><div class=\"vc_col-sm-4 wpb_column vc_column_container\"><div class=\"vc_column-inner\"><div class=\"wpb_wrapper\">\n\t<div class=\"wpb_text_column \">\n\t\t<div class=\"wpb_wrapper\">\n\t\t\t<p><img loading=\"lazy\" decoding=\"async\" class=\"alignleft wp-image-11096 size-full\" src=\"http:\/\/laboratorioscuen.mx\/web\/wp-content\/uploads\/2019\/09\/Icono-Valor-2.png\" alt=\"\" width=\"30\" height=\"30\" \/><strong>RESPETO<\/strong><\/p>\n\n\t\t<\/div>\n\t<\/div>\n<div class=\"w-separator size_custom\" style=\"height:30px;\"><\/div><\/div><\/div><\/div><\/div><\/div><\/div><\/div><\/div><\/div><\/section>\n<\/div>","protected":false},"excerpt":{"rendered":"\u00bfQui\u00e9nes somos? Somos un laboratorio de an\u00e1lisis cl\u00ednicos con m\u00e1s de 40 a\u00f1os de experiencia, dedicados al cuidado de la salud de nuestros pacientes, brindando cada d\u00eda mayor confianza en nuestros resultados. Hoy en d\u00eda otorgamos una gama cada vez m\u00e1s amplia en la detecci\u00f3n de padecimientos en el \u00e1rea de la salud, as\u00ed como...","protected":false},"author":1,"featured_media":0,"parent":0,"menu_order":0,"comment_status":"closed","ping_status":"closed","template":"","meta":{"_acf_changed":false,"footnotes":""},"class_list":["post-3153","page","type-page","status-publish","hentry"],"acf":[],"_links":{"self":[{"href":"https:\/\/laboratorioscuen.mx\/web1\/wp-json\/wp\/v2\/pages\/3153","targetHints":{"allow":["GET"]}}],"collection":[{"href":"https:\/\/laboratorioscuen.mx\/web1\/wp-json\/wp\/v2\/pages"}],"about":[{"href":"https:\/\/laboratorioscuen.mx\/web1\/wp-json\/wp\/v2\/types\/page"}],"author":[{"embeddable":true,"href":"https:\/\/laboratorioscuen.mx\/web1\/wp-json\/wp\/v2\/users\/1"}],"replies":[{"embeddable":true,"href":"https:\/\/laboratorioscuen.mx\/web1\/wp-json\/wp\/v2\/comments?post=3153"}],"version-history":[{"count":7,"href":"https:\/\/laboratorioscuen.mx\/web1\/wp-json\/wp\/v2\/pages\/3153\/revisions"}],"predecessor-version":[{"id":11193,"href":"https:\/\/laboratorioscuen.mx\/web1\/wp-json\/wp\/v2\/pages\/3153\/revisions\/11193"}],"wp:attachment":[{"href":"https:\/\/laboratorioscuen.mx\/web1\/wp-json\/wp\/v2\/media?parent=3153"}],"curies":[{"name":"wp","href":"https:\/\/api.w.org\/{rel}","templated":true}]}}