{"id":3155,"date":"2018-11-07T21:08:56","date_gmt":"2018-11-07T21:08:56","guid":{"rendered":"http:\/\/laboratorioscuen.mx\/web\/?page_id=3155"},"modified":"2019-10-04T16:51:13","modified_gmt":"2019-10-04T16:51:13","slug":"paquetes","status":"publish","type":"page","link":"https:\/\/laboratorioscuen.mx\/web1\/paquetes\/","title":{"rendered":"Paquetes"},"content":{"rendered":"<div class=\"wpb-content-wrapper\"><section class=\"l-section wpb_row height_medium width_full with_img\"><div class=\"l-section-img\" style=\"background-image: url(https:\/\/laboratorioscuen.mx\/web1\/wp-content\/uploads\/2019\/09\/BannerPaq.jpg);\" data-img-width=\"1920\" data-img-height=\"643\"><\/div><div class=\"l-section-h i-cf\"><div class=\"g-cols vc_row type_default valign_top\"><div class=\"vc_col-sm-12 wpb_column vc_column_container\"><div class=\"vc_column-inner\"><div class=\"wpb_wrapper\"><div class=\"w-separator size_custom\" style=\"height:500px;\"><\/div><\/div><\/div><\/div><\/div><\/div><\/section><section class=\"l-section wpb_row height_medium\"><div class=\"l-section-h i-cf\" style=\"padding-top: 35px !important;padding-bottom: 0px !important;\"><div class=\"g-cols vc_row type_default valign_top\"><div class=\"vc_col-sm-12 wpb_column vc_column_container\"><div class=\"vc_column-inner\"><div class=\"wpb_wrapper\">\n\t<div class=\"wpb_text_column \">\n\t\t<div class=\"wpb_wrapper\">\n\t\t\t<h3 style=\"text-align: center;\"><span style=\"color: #0099cc;\">Paquetes<\/span><br \/>\npensados en ti y tu familia<\/h3>\n\n\t\t<\/div>\n\t<\/div>\n<div class=\"w-separator size_custom with_line width_30 thick_1 style_solid color_border align_center\" style=\"height:30px;\"><div class=\"w-separator-h\"><\/div><\/div><\/div><\/div><\/div><\/div><\/div><\/section><section class=\"l-section wpb_row height_medium esquinasredondas degradadoclaro\"><div class=\"l-section-h i-cf\" style=\"padding-top: 15px !important;padding-bottom: 0px !important;\"><div class=\"g-cols vc_row type_default valign_top\"><div class=\"vc_col-sm-4 wpb_column vc_column_container has-fill etiquetadesc\"><div class=\"vc_column-inner  vc_custom_1568911885058\"><div class=\"wpb_wrapper\"><div class=\"g-cols wpb_row  type_default valign_top vc_inner fondotransparente \"><div class=\"vc_col-sm-3 wpb_column vc_column_container\"><div class=\"vc_column-inner  vc_custom_1568907829003\"><div class=\"wpb_wrapper\"><div class=\"w-image align_center\"><div class=\"w-image-h\"><img loading=\"lazy\" decoding=\"async\" width=\"58\" height=\"82\" src=\"https:\/\/laboratorioscuen.mx\/web1\/wp-content\/uploads\/2019\/09\/PaqInicial.png\" class=\"attachment-full size-full\" alt=\"\" \/><\/div><\/div><\/div><\/div><\/div><div class=\"vc_col-sm-9 wpb_column vc_column_container\"><div class=\"vc_column-inner\"><div class=\"wpb_wrapper\">\n\t<div class=\"wpb_text_column \">\n\t\t<div class=\"wpb_wrapper\">\n\t\t\t<h3>PAQUETE INICIAL<\/h3>\n\n\t\t<\/div>\n\t<\/div>\n<\/div><\/div><\/div><\/div><div class=\"w-btn-wrapper width_auto align_center vc_custom_1569533312638\"><a class=\"w-btn us-btn-style_1\" href=\"http:\/\/laboratorioscuen.mx\/web\/paquete-inicial\/\"><span class=\"w-btn-label\">Ver detalles<\/span><\/a><\/div><\/div><\/div><\/div><div class=\"vc_col-sm-4 wpb_column vc_column_container has-fill etiquetadesc\"><div class=\"vc_column-inner  vc_custom_1568911814090\"><div class=\"wpb_wrapper\"><div class=\"g-cols wpb_row  type_default valign_top vc_inner fondotransparente \"><div class=\"vc_col-sm-3 wpb_column vc_column_container\"><div class=\"vc_column-inner  vc_custom_1568907829003\"><div class=\"wpb_wrapper\"><div class=\"w-image align_center\"><div class=\"w-image-h\"><img loading=\"lazy\" decoding=\"async\" width=\"70\" height=\"90\" src=\"https:\/\/laboratorioscuen.mx\/web1\/wp-content\/uploads\/2019\/09\/Icono-Avanzado.png\" class=\"attachment-full size-full\" alt=\"\" \/><\/div><\/div><\/div><\/div><\/div><div class=\"vc_col-sm-9 wpb_column vc_column_container\"><div class=\"vc_column-inner\"><div class=\"wpb_wrapper\">\n\t<div class=\"wpb_text_column \">\n\t\t<div class=\"wpb_wrapper\">\n\t\t\t<h3>PAQUETE AVANZADO<\/h3>\n\n\t\t<\/div>\n\t<\/div>\n<\/div><\/div><\/div><\/div><div class=\"w-btn-wrapper width_auto align_center vc_custom_1569539595099\"><a class=\"w-btn us-btn-style_1\" href=\"http:\/\/laboratorioscuen.mx\/web\/paquete-avanzado\/\"><span class=\"w-btn-label\">Ver detalles<\/span><\/a><\/div><\/div><\/div><\/div><div class=\"vc_col-sm-4 wpb_column vc_column_container has-fill etiquetadesc\"><div class=\"vc_column-inner  vc_custom_1568911823338\"><div class=\"wpb_wrapper\"><div class=\"g-cols wpb_row  type_default valign_top vc_inner fondotransparente \"><div class=\"vc_col-sm-3 wpb_column vc_column_container\"><div class=\"vc_column-inner  vc_custom_1568907829003\"><div class=\"wpb_wrapper\"><div class=\"w-image align_center\"><div class=\"w-image-h\"><img loading=\"lazy\" decoding=\"async\" width=\"70\" height=\"90\" src=\"https:\/\/laboratorioscuen.mx\/web1\/wp-content\/uploads\/2019\/09\/Icono-PreOperatorio.png\" class=\"attachment-full size-full\" alt=\"\" \/><\/div><\/div><\/div><\/div><\/div><div class=\"vc_col-sm-9 wpb_column vc_column_container\"><div class=\"vc_column-inner\"><div class=\"wpb_wrapper\">\n\t<div class=\"wpb_text_column \">\n\t\t<div class=\"wpb_wrapper\">\n\t\t\t<h3>PREOPERATORIO<\/h3>\n\n\t\t<\/div>\n\t<\/div>\n<\/div><\/div><\/div><\/div><div class=\"w-btn-wrapper width_auto align_center vc_custom_1569539609659\"><a class=\"w-btn us-btn-style_1\" href=\"http:\/\/laboratorioscuen.mx\/web\/paquete-preoperatorio\/\"><span class=\"w-btn-label\">Ver detalles<\/span><\/a><\/div><\/div><\/div><\/div><\/div><\/div><\/section><section class=\"l-section wpb_row height_auto\"><div class=\"l-section-h i-cf\"><div class=\"g-cols vc_row type_default valign_top\"><div class=\"vc_col-sm-12 wpb_column vc_column_container\"><div class=\"vc_column-inner\"><div class=\"wpb_wrapper\"><div class=\"w-separator us_separator_1 size_custom\" style=\"height:20px;\"><style>@media(max-width:1024px){.us_separator_1{height:0px!important}}@media(max-width:600px){.us_separator_1{height:0px!important}}<\/style><\/div><\/div><\/div><\/div><\/div><\/div><\/section><section class=\"l-section wpb_row height_medium esquinasredondas\"><div class=\"l-section-h i-cf\" style=\"padding-top: 0px !important;\"><div class=\"g-cols vc_row type_default valign_top\"><div class=\"vc_col-sm-2 wpb_column vc_column_container\"><div class=\"vc_column-inner\"><div class=\"wpb_wrapper\"><\/div><\/div><\/div><div class=\"vc_col-sm-4 wpb_column vc_column_container has-fill degradadoclaro etiquetadesc\"><div class=\"vc_column-inner  vc_custom_1568911908227\"><div class=\"wpb_wrapper\"><div class=\"g-cols wpb_row  type_default valign_top vc_inner fondotransparente \"><div class=\"vc_col-sm-3 wpb_column vc_column_container\"><div class=\"vc_column-inner  vc_custom_1568907829003\"><div class=\"wpb_wrapper\"><div class=\"w-image align_center\"><div class=\"w-image-h\"><img loading=\"lazy\" decoding=\"async\" width=\"70\" height=\"90\" src=\"https:\/\/laboratorioscuen.mx\/web1\/wp-content\/uploads\/2019\/09\/Icono-NinoSano.png\" class=\"attachment-full size-full\" alt=\"\" \/><\/div><\/div><\/div><\/div><\/div><div class=\"vc_col-sm-9 wpb_column vc_column_container\"><div class=\"vc_column-inner\"><div class=\"wpb_wrapper\">\n\t<div class=\"wpb_text_column \">\n\t\t<div class=\"wpb_wrapper\">\n\t\t\t<h3>NI\u00d1O SANO<br \/>\nEN GUARDER\u00cdA<\/h3>\n\n\t\t<\/div>\n\t<\/div>\n<\/div><\/div><\/div><\/div><div class=\"w-btn-wrapper width_auto align_center vc_custom_1569539624378\"><a class=\"w-btn us-btn-style_1\" href=\"http:\/\/laboratorioscuen.mx\/web\/nino-sano-en-guarderia\/\"><span class=\"w-btn-label\">Ver detalles<\/span><\/a><\/div><\/div><\/div><\/div><div class=\"vc_col-sm-4 wpb_column vc_column_container has-fill degradadoclaro etiquetadesc\"><div class=\"vc_column-inner  vc_custom_1568911842511\"><div class=\"wpb_wrapper\"><div class=\"g-cols wpb_row  type_default valign_top vc_inner fondotransparente \"><div class=\"vc_col-sm-3 wpb_column vc_column_container\"><div class=\"vc_column-inner  vc_custom_1568907829003\"><div class=\"wpb_wrapper\"><div class=\"w-image align_center\"><div class=\"w-image-h\"><img loading=\"lazy\" decoding=\"async\" width=\"70\" height=\"90\" src=\"https:\/\/laboratorioscuen.mx\/web1\/wp-content\/uploads\/2019\/09\/Icono-Mama.png\" class=\"attachment-full size-full\" alt=\"\" \/><\/div><\/div><\/div><\/div><\/div><div class=\"vc_col-sm-9 wpb_column vc_column_container\"><div class=\"vc_column-inner\"><div class=\"wpb_wrapper\">\n\t<div class=\"wpb_text_column \">\n\t\t<div class=\"wpb_wrapper\">\n\t\t\t<h3>EN CAMINO<br \/>\nA SER MAM\u00c1<\/h3>\n\n\t\t<\/div>\n\t<\/div>\n<\/div><\/div><\/div><\/div><div class=\"w-btn-wrapper width_auto align_center vc_custom_1569860220333\"><a class=\"w-btn us-btn-style_1\" href=\"http:\/\/laboratorioscuen.mx\/web\/en-camino-a-ser-mama\/\" title=\"En camino a ser mam\u00e1\"><span class=\"w-btn-label\">Ver detalles<\/span><\/a><\/div><\/div><\/div><\/div><div class=\"vc_col-sm-2 wpb_column vc_column_container\"><div class=\"vc_column-inner\"><div class=\"wpb_wrapper\"><\/div><\/div><\/div><\/div><\/div><\/section>\n<\/div>","protected":false},"excerpt":{"rendered":"Paquetes pensados en ti y tu familia PAQUETE INICIAL Ver detalles PAQUETE AVANZADO Ver detalles PREOPERATORIO Ver detalles NI\u00d1O SANO EN GUARDER\u00cdA Ver detalles EN CAMINO A SER MAM\u00c1 Ver detalles","protected":false},"author":1,"featured_media":0,"parent":0,"menu_order":0,"comment_status":"closed","ping_status":"closed","template":"","meta":{"_acf_changed":false,"footnotes":""},"class_list":["post-3155","page","type-page","status-publish","hentry"],"acf":[],"_links":{"self":[{"href":"https:\/\/laboratorioscuen.mx\/web1\/wp-json\/wp\/v2\/pages\/3155","targetHints":{"allow":["GET"]}}],"collection":[{"href":"https:\/\/laboratorioscuen.mx\/web1\/wp-json\/wp\/v2\/pages"}],"about":[{"href":"https:\/\/laboratorioscuen.mx\/web1\/wp-json\/wp\/v2\/types\/page"}],"author":[{"embeddable":true,"href":"https:\/\/laboratorioscuen.mx\/web1\/wp-json\/wp\/v2\/users\/1"}],"replies":[{"embeddable":true,"href":"https:\/\/laboratorioscuen.mx\/web1\/wp-json\/wp\/v2\/comments?post=3155"}],"version-history":[{"count":30,"href":"https:\/\/laboratorioscuen.mx\/web1\/wp-json\/wp\/v2\/pages\/3155\/revisions"}],"predecessor-version":[{"id":11166,"href":"https:\/\/laboratorioscuen.mx\/web1\/wp-json\/wp\/v2\/pages\/3155\/revisions\/11166"}],"wp:attachment":[{"href":"https:\/\/laboratorioscuen.mx\/web1\/wp-json\/wp\/v2\/media?parent=3155"}],"curies":[{"name":"wp","href":"https:\/\/api.w.org\/{rel}","templated":true}]}}